{"id":336,"date":"2024-10-25T08:01:20","date_gmt":"2024-10-25T08:01:20","guid":{"rendered":"https:\/\/postresnayara.es\/?post_type=product&#038;p=336"},"modified":"2025-02-18T12:15:21","modified_gmt":"2025-02-18T12:15:21","slug":"tarta-corazon","status":"publish","type":"product","link":"https:\/\/postresnayara.es\/en\/product\/tarta-corazon\/","title":{"rendered":"Heart Cake (From 10 to 20 diners)"},"content":{"rendered":"<p>All our sweets may contain allergens (nuts, gluten, dairy and eggs).<\/p>","protected":false},"excerpt":{"rendered":"<p><span style=\"font-weight: 400;\">Sweeten the most special moments with a <\/span><b>heart-shaped cake<\/b><span style=\"font-weight: 400;\">, perfect for anniversaries, Valentine&#039;s Day or any romantic celebration.<\/span><\/p>","protected":false},"featured_media":339,"template":"","meta":{"_kad_blocks_custom_css":"","_kad_blocks_head_custom_js":"","_kad_blocks_body_custom_js":"","_kad_blocks_footer_custom_js":"","_joinchat":[]},"product_brand":[],"product_cat":[18],"product_tag":[],"class_list":{"0":"post-336","1":"product","2":"type-product","3":"status-publish","4":"has-post-thumbnail","6":"product_cat-tartas","8":"first","9":"instock","10":"featured","11":"shipping-taxable","12":"product-type-variable"},"yoast_head":"<!-- This site is optimized with the Yoast SEO plugin v27.0 - https:\/\/yoast.com\/product\/yoast-seo-wordpress\/ -->\n<title>Tarta Coraz\u00f3n (Desde 10 hasta 20 comensales) - Postres Nayara<\/title>\n<meta name=\"robots\" content=\"index, follow, max-snippet:-1, max-image-preview:large, max-video-preview:-1\" \/>\n<link rel=\"canonical\" href=\"https:\/\/postresnayara.es\/en\/product\/tarta-corazon\/\" \/>\n<meta property=\"og:locale\" content=\"en_GB\" \/>\n<meta property=\"og:type\" content=\"article\" \/>\n<meta property=\"og:title\" content=\"Tarta Coraz\u00f3n (Desde 10 hasta 20 comensales) - Postres Nayara\" \/>\n<meta property=\"og:description\" content=\"Endulza los momentos m\u00e1s especiales con una tarta en forma de coraz\u00f3n, perfecta para aniversarios, San Valent\u00edn o cualquier celebraci\u00f3n rom\u00e1ntica.\" \/>\n<meta property=\"og:url\" content=\"https:\/\/postresnayara.es\/en\/product\/tarta-corazon\/\" \/>\n<meta property=\"og:site_name\" content=\"Postres Nayara\" \/>\n<meta property=\"article:modified_time\" content=\"2025-02-18T12:15:21+00:00\" \/>\n<meta property=\"og:image\" content=\"https:\/\/postresnayara.es\/wp-content\/uploads\/2024\/10\/tata-corazon.png\" \/>\n\t<meta property=\"og:image:width\" content=\"556\" \/>\n\t<meta property=\"og:image:height\" content=\"680\" \/>\n\t<meta property=\"og:image:type\" content=\"image\/png\" \/>\n<meta name=\"twitter:card\" content=\"summary_large_image\" \/>\n<meta name=\"twitter:label1\" content=\"Estimated reading time\" \/>\n\t<meta name=\"twitter:data1\" content=\"1 minute\" \/>\n<script type=\"application\/ld+json\" class=\"yoast-schema-graph\">{\"@context\":\"https:\/\/schema.org\",\"@graph\":[{\"@type\":\"WebPage\",\"@id\":\"https:\/\/postresnayara.es\/en\/product\/tarta-corazon\/\",\"url\":\"https:\/\/postresnayara.es\/en\/product\/tarta-corazon\/\",\"name\":\"Tarta Coraz\u00f3n (Desde 10 hasta 20 comensales) - Postres Nayara\",\"isPartOf\":{\"@id\":\"https:\/\/postresnayara.es\/en\/#website\"},\"primaryImageOfPage\":{\"@id\":\"https:\/\/postresnayara.es\/en\/product\/tarta-corazon\/#primaryimage\"},\"image\":{\"@id\":\"https:\/\/postresnayara.es\/en\/product\/tarta-corazon\/#primaryimage\"},\"thumbnailUrl\":\"https:\/\/postresnayara.es\/wp-content\/uploads\/2024\/10\/tata-corazon.png\",\"datePublished\":\"2024-10-25T08:01:20+00:00\",\"dateModified\":\"2025-02-18T12:15:21+00:00\",\"breadcrumb\":{\"@id\":\"https:\/\/postresnayara.es\/en\/product\/tarta-corazon\/#breadcrumb\"},\"inLanguage\":\"en-GB\",\"potentialAction\":[{\"@type\":\"ReadAction\",\"target\":[\"https:\/\/postresnayara.es\/en\/product\/tarta-corazon\/\"]}]},{\"@type\":\"ImageObject\",\"inLanguage\":\"en-GB\",\"@id\":\"https:\/\/postresnayara.es\/en\/product\/tarta-corazon\/#primaryimage\",\"url\":\"https:\/\/postresnayara.es\/wp-content\/uploads\/2024\/10\/tata-corazon.png\",\"contentUrl\":\"https:\/\/postresnayara.es\/wp-content\/uploads\/2024\/10\/tata-corazon.png\",\"width\":556,\"height\":680,\"caption\":\"tarta coraz\u00f3n\"},{\"@type\":\"BreadcrumbList\",\"@id\":\"https:\/\/postresnayara.es\/en\/product\/tarta-corazon\/#breadcrumb\",\"itemListElement\":[{\"@type\":\"ListItem\",\"position\":1,\"name\":\"Home\",\"item\":\"https:\/\/postresnayara.es\/en\/\"},{\"@type\":\"ListItem\",\"position\":2,\"name\":\"Nuestros Productos\",\"item\":\"https:\/\/postresnayara.es\/en\/productos\/\"},{\"@type\":\"ListItem\",\"position\":3,\"name\":\"Tarta Coraz\u00f3n (Desde 10 hasta 20 comensales)\"}]},{\"@type\":\"WebSite\",\"@id\":\"https:\/\/postresnayara.es\/en\/#website\",\"url\":\"https:\/\/postresnayara.es\/en\/\",\"name\":\"Postres Nayara\",\"description\":\"\",\"publisher\":{\"@id\":\"https:\/\/postresnayara.es\/en\/#organization\"},\"alternateName\":\"Tartas, postres y mesas dulces en Lanzarote | Postres Nayara\",\"potentialAction\":[{\"@type\":\"SearchAction\",\"target\":{\"@type\":\"EntryPoint\",\"urlTemplate\":\"https:\/\/postresnayara.es\/en\/?s={search_term_string}\"},\"query-input\":{\"@type\":\"PropertyValueSpecification\",\"valueRequired\":true,\"valueName\":\"search_term_string\"}}],\"inLanguage\":\"en-GB\"},{\"@type\":\"Organization\",\"@id\":\"https:\/\/postresnayara.es\/en\/#organization\",\"name\":\"Postres Nayara\",\"alternateName\":\"Tartas y Mesas Dulces en Lanzarote - Postres Nayara\",\"url\":\"https:\/\/postresnayara.es\/en\/\",\"logo\":{\"@type\":\"ImageObject\",\"inLanguage\":\"en-GB\",\"@id\":\"https:\/\/postresnayara.es\/en\/#\/schema\/logo\/image\/\",\"url\":\"https:\/\/postresnayara.es\/wp-content\/uploads\/2024\/11\/logo.png\",\"contentUrl\":\"https:\/\/postresnayara.es\/wp-content\/uploads\/2024\/11\/logo.png\",\"width\":1018,\"height\":657,\"caption\":\"Postres Nayara\"},\"image\":{\"@id\":\"https:\/\/postresnayara.es\/en\/#\/schema\/logo\/image\/\"}}]}<\/script>\n<!-- \/ Yoast SEO plugin. -->","yoast_head_json":{"title":"Tarta Coraz\u00f3n (Desde 10 hasta 20 comensales) - Postres Nayara","robots":{"index":"index","follow":"follow","max-snippet":"max-snippet:-1","max-image-preview":"max-image-preview:large","max-video-preview":"max-video-preview:-1"},"canonical":"https:\/\/postresnayara.es\/en\/product\/tarta-corazon\/","og_locale":"en_GB","og_type":"article","og_title":"Tarta Coraz\u00f3n (Desde 10 hasta 20 comensales) - Postres Nayara","og_description":"Endulza los momentos m\u00e1s especiales con una tarta en forma de coraz\u00f3n, perfecta para aniversarios, San Valent\u00edn o cualquier celebraci\u00f3n rom\u00e1ntica.","og_url":"https:\/\/postresnayara.es\/en\/product\/tarta-corazon\/","og_site_name":"Postres Nayara","article_modified_time":"2025-02-18T12:15:21+00:00","og_image":[{"width":556,"height":680,"url":"https:\/\/postresnayara.es\/wp-content\/uploads\/2024\/10\/tata-corazon.png","type":"image\/png"}],"twitter_card":"summary_large_image","twitter_misc":{"Estimated reading time":"1 minute"},"schema":{"@context":"https:\/\/schema.org","@graph":[{"@type":"WebPage","@id":"https:\/\/postresnayara.es\/en\/product\/tarta-corazon\/","url":"https:\/\/postresnayara.es\/en\/product\/tarta-corazon\/","name":"Tarta Coraz\u00f3n (Desde 10 hasta 20 comensales) - Postres Nayara","isPartOf":{"@id":"https:\/\/postresnayara.es\/en\/#website"},"primaryImageOfPage":{"@id":"https:\/\/postresnayara.es\/en\/product\/tarta-corazon\/#primaryimage"},"image":{"@id":"https:\/\/postresnayara.es\/en\/product\/tarta-corazon\/#primaryimage"},"thumbnailUrl":"https:\/\/postresnayara.es\/wp-content\/uploads\/2024\/10\/tata-corazon.png","datePublished":"2024-10-25T08:01:20+00:00","dateModified":"2025-02-18T12:15:21+00:00","breadcrumb":{"@id":"https:\/\/postresnayara.es\/en\/product\/tarta-corazon\/#breadcrumb"},"inLanguage":"en-GB","potentialAction":[{"@type":"ReadAction","target":["https:\/\/postresnayara.es\/en\/product\/tarta-corazon\/"]}]},{"@type":"ImageObject","inLanguage":"en-GB","@id":"https:\/\/postresnayara.es\/en\/product\/tarta-corazon\/#primaryimage","url":"https:\/\/postresnayara.es\/wp-content\/uploads\/2024\/10\/tata-corazon.png","contentUrl":"https:\/\/postresnayara.es\/wp-content\/uploads\/2024\/10\/tata-corazon.png","width":556,"height":680,"caption":"tarta coraz\u00f3n"},{"@type":"BreadcrumbList","@id":"https:\/\/postresnayara.es\/en\/product\/tarta-corazon\/#breadcrumb","itemListElement":[{"@type":"ListItem","position":1,"name":"Home","item":"https:\/\/postresnayara.es\/en\/"},{"@type":"ListItem","position":2,"name":"Nuestros Productos","item":"https:\/\/postresnayara.es\/en\/productos\/"},{"@type":"ListItem","position":3,"name":"Tarta Coraz\u00f3n (Desde 10 hasta 20 comensales)"}]},{"@type":"WebSite","@id":"https:\/\/postresnayara.es\/en\/#website","url":"https:\/\/postresnayara.es\/en\/","name":"Nayara Desserts","description":"","publisher":{"@id":"https:\/\/postresnayara.es\/en\/#organization"},"alternateName":"Tartas, postres y mesas dulces en Lanzarote | Postres Nayara","potentialAction":[{"@type":"SearchAction","target":{"@type":"EntryPoint","urlTemplate":"https:\/\/postresnayara.es\/en\/?s={search_term_string}"},"query-input":{"@type":"PropertyValueSpecification","valueRequired":true,"valueName":"search_term_string"}}],"inLanguage":"en-GB"},{"@type":"Organization","@id":"https:\/\/postresnayara.es\/en\/#organization","name":"Nayara Desserts","alternateName":"Tartas y Mesas Dulces en Lanzarote - Postres Nayara","url":"https:\/\/postresnayara.es\/en\/","logo":{"@type":"ImageObject","inLanguage":"en-GB","@id":"https:\/\/postresnayara.es\/en\/#\/schema\/logo\/image\/","url":"https:\/\/postresnayara.es\/wp-content\/uploads\/2024\/11\/logo.png","contentUrl":"https:\/\/postresnayara.es\/wp-content\/uploads\/2024\/11\/logo.png","width":1018,"height":657,"caption":"Postres Nayara"},"image":{"@id":"https:\/\/postresnayara.es\/en\/#\/schema\/logo\/image\/"}}]}},"taxonomy_info":{"product_cat":[{"value":18,"label":"Tartas"}]},"featured_image_src_large":["https:\/\/postresnayara.es\/wp-content\/uploads\/2024\/10\/tata-corazon.png",556,680,false],"author_info":[],"comment_info":"","_links":{"self":[{"href":"https:\/\/postresnayara.es\/en\/wp-json\/wp\/v2\/product\/336","targetHints":{"allow":["GET"]}}],"collection":[{"href":"https:\/\/postresnayara.es\/en\/wp-json\/wp\/v2\/product"}],"about":[{"href":"https:\/\/postresnayara.es\/en\/wp-json\/wp\/v2\/types\/product"}],"wp:featuredmedia":[{"embeddable":true,"href":"https:\/\/postresnayara.es\/en\/wp-json\/wp\/v2\/media\/339"}],"wp:attachment":[{"href":"https:\/\/postresnayara.es\/en\/wp-json\/wp\/v2\/media?parent=336"}],"wp:term":[{"taxonomy":"product_brand","embeddable":true,"href":"https:\/\/postresnayara.es\/en\/wp-json\/wp\/v2\/product_brand?post=336"},{"taxonomy":"product_cat","embeddable":true,"href":"https:\/\/postresnayara.es\/en\/wp-json\/wp\/v2\/product_cat?post=336"},{"taxonomy":"product_tag","embeddable":true,"href":"https:\/\/postresnayara.es\/en\/wp-json\/wp\/v2\/product_tag?post=336"}],"curies":[{"name":"wp","href":"https:\/\/api.w.org\/{rel}","templated":true}]}}